{"id":3607,"date":"2021-01-13T22:37:35","date_gmt":"2021-01-13T21:37:35","guid":{"rendered":"http:\/\/bicom-alergie.pl\/?page_id=3607"},"modified":"2021-01-13T22:37:35","modified_gmt":"2021-01-13T21:37:35","slug":"nota-prawna","status":"publish","type":"page","link":"https:\/\/bicom-alergie.pl\/index.php\/nota-prawna\/","title":{"rendered":"Nota prawna"},"content":{"rendered":"<h2 class=\"h3\">Wszelkie prawa do tekst\u00f3w, ilustracji i zdj\u0119\u0107 s\u0105 zastrze\u017cone<\/h2>\n<p>Materia\u0142y na tej stronie www.bicom-alergie.pl s\u0105 chronione prawami autorskimi i stanowi\u0105 wy\u0142\u0105czn\u0105 w\u0142asno\u015b\u0107 autora serwisu.<br \/>\nKopiowanie, reprodukowanie, publikowanie, umieszczanie w Internecie, przyw\u0142aszczanie, zmienianie nazw plik\u00f3w i\/lub modyfikowanie materia\u0142\u00f3w bez pisemnej zgody autora serwisu jest zabronione.<\/p>\n<p>Kontakt: gabinet@bicom-alergie.pl Copyright \u00a9 www.bicom-alergie.pl Wszelkie prawa zastrze\u017cone.<\/p>\n<h2 class=\"h3\">Serwis internetowy<\/h2>\n<p>Tre\u015bci zamieszczone w niniejszym serwisie internetowym maj\u0105 charakter informacyjny, nie mog\u0105 by\u0107 traktowane jako forma konsultacji.<br \/>\nSerwis Internetowy ma charakter edukacyjny.\u00a0 Do\u0142o\u017cono wszelkich stara\u0144, aby informacje zamieszczone w serwisie zosta\u0142y prawid\u0142owo podane. Jednak jakiekolwiek wykorzystywanie i stosowanie lek\u00f3w, \u015brodk\u00f3w wymienionych w serwisie mo\u017ce jedynie odby\u0107 si\u0119 po wcze\u015bniejszej konsultacji z lekarzem i zapoznaniu si\u0119 z ulotk\u0105 danego preparatu.<br \/>\nAutorzy serwisu nie ponosz\u0105 odpowiedzialno\u015bci za b\u0142\u0119dy wraz z konsekwencjami wynikaj\u0105cymi z b\u0142\u0119dnego zastosowania informacji zawartych w tym serwisie.<\/p>\n","protected":false},"excerpt":{"rendered":"<p>Wszelkie prawa do tekst\u00f3w, ilustracji i zdj\u0119\u0107 s\u0105 zastrze\u017cone Materia\u0142y  [&#8230;]<\/p>\n","protected":false},"author":1,"featured_media":0,"parent":0,"menu_order":0,"comment_status":"closed","ping_status":"closed","template":"","meta":{"footnotes":""},"class_list":["post-3607","page","type-page","status-publish","hentry"],"yoast_head":"<!-- This site is optimized with the Yoast SEO plugin v25.0 - https:\/\/yoast.com\/wordpress\/plugins\/seo\/ -->\n<title>Nota prawna - Bicom-Alergie<\/title>\n<meta name=\"robots\" content=\"index, follow, max-snippet:-1, max-image-preview:large, max-video-preview:-1\" \/>\n<link rel=\"canonical\" href=\"https:\/\/bicom-alergie.pl\/index.php\/nota-prawna\/\" \/>\n<meta property=\"og:locale\" content=\"pl_PL\" \/>\n<meta property=\"og:type\" content=\"article\" \/>\n<meta property=\"og:title\" content=\"Nota prawna - Bicom-Alergie\" \/>\n<meta property=\"og:description\" content=\"Wszelkie prawa do tekst\u00f3w, ilustracji i zdj\u0119\u0107 s\u0105 zastrze\u017cone Materia\u0142y [...]\" \/>\n<meta property=\"og:url\" content=\"https:\/\/bicom-alergie.pl\/index.php\/nota-prawna\/\" \/>\n<meta property=\"og:site_name\" content=\"Bicom-Alergie\" \/>\n<meta property=\"article:publisher\" content=\"https:\/\/www.facebook.com\/bicom.alergie\/\" \/>\n<meta name=\"twitter:card\" content=\"summary_large_image\" \/>\n<meta name=\"twitter:label1\" content=\"Szacowany czas czytania\" \/>\n\t<meta name=\"twitter:data1\" content=\"1 minuta\" \/>\n<script type=\"application\/ld+json\" class=\"yoast-schema-graph\">{\"@context\":\"https:\/\/schema.org\",\"@graph\":[{\"@type\":\"WebPage\",\"@id\":\"https:\/\/bicom-alergie.pl\/index.php\/nota-prawna\/\",\"url\":\"https:\/\/bicom-alergie.pl\/index.php\/nota-prawna\/\",\"name\":\"Nota prawna - Bicom-Alergie\",\"isPartOf\":{\"@id\":\"https:\/\/bicom-alergie.pl\/#website\"},\"datePublished\":\"2021-01-13T21:37:35+00:00\",\"breadcrumb\":{\"@id\":\"https:\/\/bicom-alergie.pl\/index.php\/nota-prawna\/#breadcrumb\"},\"inLanguage\":\"pl-PL\",\"potentialAction\":[{\"@type\":\"ReadAction\",\"target\":[\"https:\/\/bicom-alergie.pl\/index.php\/nota-prawna\/\"]}]},{\"@type\":\"BreadcrumbList\",\"@id\":\"https:\/\/bicom-alergie.pl\/index.php\/nota-prawna\/#breadcrumb\",\"itemListElement\":[{\"@type\":\"ListItem\",\"position\":1,\"name\":\"Strona g\u0142\u00f3wna\",\"item\":\"https:\/\/bicom-alergie.pl\/\"},{\"@type\":\"ListItem\",\"position\":2,\"name\":\"Nota prawna\"}]},{\"@type\":\"WebSite\",\"@id\":\"https:\/\/bicom-alergie.pl\/#website\",\"url\":\"https:\/\/bicom-alergie.pl\/\",\"name\":\"Bicom-Alergie\",\"description\":\"Biorezonans, odczulanie Cz\u0119stochowa.\",\"publisher\":{\"@id\":\"https:\/\/bicom-alergie.pl\/#organization\"},\"potentialAction\":[{\"@type\":\"SearchAction\",\"target\":{\"@type\":\"EntryPoint\",\"urlTemplate\":\"https:\/\/bicom-alergie.pl\/?s={search_term_string}\"},\"query-input\":{\"@type\":\"PropertyValueSpecification\",\"valueRequired\":true,\"valueName\":\"search_term_string\"}}],\"inLanguage\":\"pl-PL\"},{\"@type\":\"Organization\",\"@id\":\"https:\/\/bicom-alergie.pl\/#organization\",\"name\":\"Bicom-Alergie\",\"url\":\"https:\/\/bicom-alergie.pl\/\",\"logo\":{\"@type\":\"ImageObject\",\"inLanguage\":\"pl-PL\",\"@id\":\"https:\/\/bicom-alergie.pl\/#\/schema\/logo\/image\/\",\"url\":\"https:\/\/bicom-alergie.pl\/wp-content\/uploads\/2021\/01\/logo_rgb.png\",\"contentUrl\":\"https:\/\/bicom-alergie.pl\/wp-content\/uploads\/2021\/01\/logo_rgb.png\",\"width\":1036,\"height\":219,\"caption\":\"Bicom-Alergie\"},\"image\":{\"@id\":\"https:\/\/bicom-alergie.pl\/#\/schema\/logo\/image\/\"},\"sameAs\":[\"https:\/\/www.facebook.com\/bicom.alergie\/\"]}]}<\/script>\n<!-- \/ Yoast SEO plugin. -->","yoast_head_json":{"title":"Nota prawna - Bicom-Alergie","robots":{"index":"index","follow":"follow","max-snippet":"max-snippet:-1","max-image-preview":"max-image-preview:large","max-video-preview":"max-video-preview:-1"},"canonical":"https:\/\/bicom-alergie.pl\/index.php\/nota-prawna\/","og_locale":"pl_PL","og_type":"article","og_title":"Nota prawna - Bicom-Alergie","og_description":"Wszelkie prawa do tekst\u00f3w, ilustracji i zdj\u0119\u0107 s\u0105 zastrze\u017cone Materia\u0142y [...]","og_url":"https:\/\/bicom-alergie.pl\/index.php\/nota-prawna\/","og_site_name":"Bicom-Alergie","article_publisher":"https:\/\/www.facebook.com\/bicom.alergie\/","twitter_card":"summary_large_image","twitter_misc":{"Szacowany czas czytania":"1 minuta"},"schema":{"@context":"https:\/\/schema.org","@graph":[{"@type":"WebPage","@id":"https:\/\/bicom-alergie.pl\/index.php\/nota-prawna\/","url":"https:\/\/bicom-alergie.pl\/index.php\/nota-prawna\/","name":"Nota prawna - Bicom-Alergie","isPartOf":{"@id":"https:\/\/bicom-alergie.pl\/#website"},"datePublished":"2021-01-13T21:37:35+00:00","breadcrumb":{"@id":"https:\/\/bicom-alergie.pl\/index.php\/nota-prawna\/#breadcrumb"},"inLanguage":"pl-PL","potentialAction":[{"@type":"ReadAction","target":["https:\/\/bicom-alergie.pl\/index.php\/nota-prawna\/"]}]},{"@type":"BreadcrumbList","@id":"https:\/\/bicom-alergie.pl\/index.php\/nota-prawna\/#breadcrumb","itemListElement":[{"@type":"ListItem","position":1,"name":"Strona g\u0142\u00f3wna","item":"https:\/\/bicom-alergie.pl\/"},{"@type":"ListItem","position":2,"name":"Nota prawna"}]},{"@type":"WebSite","@id":"https:\/\/bicom-alergie.pl\/#website","url":"https:\/\/bicom-alergie.pl\/","name":"Bicom-Alergie","description":"Biorezonans, odczulanie Cz\u0119stochowa.","publisher":{"@id":"https:\/\/bicom-alergie.pl\/#organization"},"potentialAction":[{"@type":"SearchAction","target":{"@type":"EntryPoint","urlTemplate":"https:\/\/bicom-alergie.pl\/?s={search_term_string}"},"query-input":{"@type":"PropertyValueSpecification","valueRequired":true,"valueName":"search_term_string"}}],"inLanguage":"pl-PL"},{"@type":"Organization","@id":"https:\/\/bicom-alergie.pl\/#organization","name":"Bicom-Alergie","url":"https:\/\/bicom-alergie.pl\/","logo":{"@type":"ImageObject","inLanguage":"pl-PL","@id":"https:\/\/bicom-alergie.pl\/#\/schema\/logo\/image\/","url":"https:\/\/bicom-alergie.pl\/wp-content\/uploads\/2021\/01\/logo_rgb.png","contentUrl":"https:\/\/bicom-alergie.pl\/wp-content\/uploads\/2021\/01\/logo_rgb.png","width":1036,"height":219,"caption":"Bicom-Alergie"},"image":{"@id":"https:\/\/bicom-alergie.pl\/#\/schema\/logo\/image\/"},"sameAs":["https:\/\/www.facebook.com\/bicom.alergie\/"]}]}},"_links":{"self":[{"href":"https:\/\/bicom-alergie.pl\/index.php\/wp-json\/wp\/v2\/pages\/3607","targetHints":{"allow":["GET"]}}],"collection":[{"href":"https:\/\/bicom-alergie.pl\/index.php\/wp-json\/wp\/v2\/pages"}],"about":[{"href":"https:\/\/bicom-alergie.pl\/index.php\/wp-json\/wp\/v2\/types\/page"}],"author":[{"embeddable":true,"href":"https:\/\/bicom-alergie.pl\/index.php\/wp-json\/wp\/v2\/users\/1"}],"replies":[{"embeddable":true,"href":"https:\/\/bicom-alergie.pl\/index.php\/wp-json\/wp\/v2\/comments?post=3607"}],"version-history":[{"count":1,"href":"https:\/\/bicom-alergie.pl\/index.php\/wp-json\/wp\/v2\/pages\/3607\/revisions"}],"predecessor-version":[{"id":3608,"href":"https:\/\/bicom-alergie.pl\/index.php\/wp-json\/wp\/v2\/pages\/3607\/revisions\/3608"}],"wp:attachment":[{"href":"https:\/\/bicom-alergie.pl\/index.php\/wp-json\/wp\/v2\/media?parent=3607"}],"curies":[{"name":"wp","href":"https:\/\/api.w.org\/{rel}","templated":true}]}}